{"id":4631,"date":"2021-05-06T13:26:15","date_gmt":"2021-05-06T13:26:15","guid":{"rendered":"https:\/\/www.kastelsplit.com\/parking\/"},"modified":"2024-12-19T13:44:22","modified_gmt":"2024-12-19T13:44:22","slug":"parking","status":"publish","type":"page","link":"https:\/\/www.kastelsplit.com\/hr\/parking\/","title":{"rendered":"Parking"},"content":{"rendered":"<div id='full_slider_1'  class='avia-fullwidth-slider main_color avia-shadow   avia-builder-el-0  el_before_av_section  avia-builder-el-first   container_wrap fullsize'  >\n<style type=\"text\/css\" data-created_by=\"avia_inline_auto\" id=\"style-css-av-qotemh-bc7157db0792a1eb5034883db9e62a94\">\n#top #wrap_all .avia-slideshow .av-slideshow-caption.av-qotemh-bc7157db0792a1eb5034883db9e62a94__0 .avia-caption-title{\nfont-size:100px;\n}\n<\/style>\n<div  class='avia-slideshow av-qotemh-bc7157db0792a1eb5034883db9e62a94 avia-slideshow-featured av_slideshow_full avia-slide-slider av-slideshow-ui av-control-default av-slideshow-manual av-loop-once av-loop-manual-endless av-default-height-applied   avia-slideshow-1' data-slideshow-options=\"{&quot;animation&quot;:&quot;slide&quot;,&quot;autoplay&quot;:false,&quot;loop_autoplay&quot;:&quot;once&quot;,&quot;interval&quot;:5,&quot;loop_manual&quot;:&quot;manual-endless&quot;,&quot;autoplay_stopper&quot;:false,&quot;noNavigation&quot;:false,&quot;bg_slider&quot;:false,&quot;keep_padding&quot;:false,&quot;hoverpause&quot;:false,&quot;show_slide_delay&quot;:0}\"  itemprop=\"image\" itemscope=\"itemscope\" itemtype=\"https:\/\/schema.org\/ImageObject\" ><ul class='avia-slideshow-inner ' style='padding-bottom: 28.666666666667%;'><li  class='avia-slideshow-slide av-qotemh-bc7157db0792a1eb5034883db9e62a94__0  av-single-slide slide-1 slide-odd'><div data-rel='slideshow-1' class='avia-slide-wrap '   ><div class='av-slideshow-caption av-qotemh-bc7157db0792a1eb5034883db9e62a94__0 caption_fullwidth caption_bottom'><div class=\"container caption_container\"><div class=\"slideshow_caption\"><div class=\"slideshow_inner_caption\"><div class=\"slideshow_align_caption\"><h2 class='avia-caption-title '  itemprop=\"name\" >PRIVATE PARKING<\/h2><\/div><\/div><\/div><\/div><\/div><img decoding=\"async\" fetchpriority=\"high\" class=\"wp-image-5078 avia-img-lazy-loading-not-5078\"  src=\"https:\/\/www.kastelsplit.com\/wp-content\/uploads\/2022\/04\/private-parking-1500x430.jpeg\" width=\"1500\" height=\"430\" title='private parking' alt=''  itemprop=\"thumbnailUrl\"   \/><\/div><\/li><\/ul><\/div><\/div>\n\n<style type=\"text\/css\" data-created_by=\"avia_inline_auto\" id=\"style-css-av-nw6i8p-e3a753bdd198c431f48c97475dffa391\">\n.avia-section.av-nw6i8p-e3a753bdd198c431f48c97475dffa391{\nbackground-color:#ffe5bc;\nbackground-image:unset;\n}\n<\/style>\n<div id='av_section_1'  class='avia-section av-nw6i8p-e3a753bdd198c431f48c97475dffa391 main_color avia-section-default avia-no-shadow  avia-builder-el-1  el_after_av_slideshow_full  el_before_av_section  avia-bg-style-scroll container_wrap fullsize'  ><div class='container av-section-cont-open' ><div class='template-page content  av-content-full alpha units'><div class='post-entry post-entry-type-page post-entry-4631'><div class='entry-content-wrapper clearfix'>\n\n<style type=\"text\/css\" data-created_by=\"avia_inline_auto\" id=\"style-css-av-m9xo4p-767032564f40e76ae037486406599fc5\">\n.flex_column.av-m9xo4p-767032564f40e76ae037486406599fc5{\nborder-radius:0px 0px 0px 0px;\npadding:0px 0px 0px 0px;\n}\n<\/style>\n<div  class='flex_column av-m9xo4p-767032564f40e76ae037486406599fc5 av_one_half  avia-builder-el-2  el_before_av_one_half  avia-builder-el-first  first flex_column_div av-zero-column-padding  '     ><p>\n<style type=\"text\/css\" data-created_by=\"avia_inline_auto\" id=\"style-css-av-9r6ge-997ce3c955f62e010f5e335e30113b7f\">\n#top .av-special-heading.av-9r6ge-997ce3c955f62e010f5e335e30113b7f{\npadding-bottom:10px;\ncolor:#750207;\n}\nbody .av-special-heading.av-9r6ge-997ce3c955f62e010f5e335e30113b7f .av-special-heading-tag .heading-char{\nfont-size:25px;\n}\n.av-special-heading.av-9r6ge-997ce3c955f62e010f5e335e30113b7f .special-heading-inner-border{\nborder-color:#750207;\n}\n.av-special-heading.av-9r6ge-997ce3c955f62e010f5e335e30113b7f .av-subheading{\nfont-size:15px;\n}\n<\/style>\n<div  class='av-special-heading av-9r6ge-997ce3c955f62e010f5e335e30113b7f av-special-heading-h1 custom-color-heading blockquote modern-quote  avia-builder-el-3  el_before_av_textblock  avia-builder-el-first '><h1 class='av-special-heading-tag '  itemprop=\"headline\"  >Privatni parking<\/h1><div class='av_custom_color av-subheading av-subheading_below'><p>samo za goste Hotela<\/p>\n<\/div><div class=\"special-heading-border\"><div class=\"special-heading-inner-border\"><\/div><\/div><\/div><br \/>\n\n<style type=\"text\/css\" data-created_by=\"avia_inline_auto\" id=\"style-css-av-jliipl-64de814ff8668d43fa988c93a2bd44e2\">\n#top .av_textblock_section.av-jliipl-64de814ff8668d43fa988c93a2bd44e2 .avia_textblock{\ncolor:#750207;\n}\n<\/style>\n<section  class='av_textblock_section av-jliipl-64de814ff8668d43fa988c93a2bd44e2 '   itemscope=\"itemscope\" itemtype=\"https:\/\/schema.org\/CreativeWork\" ><div class='avia_textblock av_inherit_color'  itemprop=\"text\" ><p>OBZIROM DA SE HOTEL NALAZI U SRCU STAROG GRADA I DIOKLECIJANOVE PALA\u010cE U PJE\u0160A\u010cKOJ ZONI NUDIMO PRIVATNI PARKING KOJI JE UDALJEN 800 METARA\u00a0 OD HOTELA (10 MIN. PJE\u0160A\u010cKE UDALJENOSTI), PARKING JE OGRANI\u010cENOG KAPACITETA I REZERVACIJA JE OBAVEZNO.<br \/>\nCIJENA PARKINGA JE 15 \u20ac DNEVNO.<br \/>\nADRESA PARKINGA: Kneza Vi\u0161eslava 21, Split<\/p>\n<\/div><\/section><\/p><\/div>\n<style type=\"text\/css\" data-created_by=\"avia_inline_auto\" id=\"style-css-av-hmnakp-dd119b0224db125375b94486976e5217\">\n.flex_column.av-hmnakp-dd119b0224db125375b94486976e5217{\nborder-radius:0px 0px 0px 0px;\npadding:0px 0px 0px 0px;\n}\n<\/style>\n<div  class='flex_column av-hmnakp-dd119b0224db125375b94486976e5217 av_one_half  avia-builder-el-5  el_after_av_one_half  avia-builder-el-last  flex_column_div av-zero-column-padding  '     ><style type=\"text\/css\" data-created_by=\"avia_inline_auto\" id=\"style-css-av-fxci4p-72933b7c397dad3c73e3e0cdaea2647b\">\n.avia-image-container.av-fxci4p-72933b7c397dad3c73e3e0cdaea2647b img.avia_image{\nbox-shadow:none;\n}\n.avia-image-container.av-fxci4p-72933b7c397dad3c73e3e0cdaea2647b .av-image-caption-overlay-center{\ncolor:#ffffff;\n}\n<\/style>\n<div  class='avia-image-container av-fxci4p-72933b7c397dad3c73e3e0cdaea2647b av-styling- avia-align-center  avia-builder-el-6  avia-builder-el-no-sibling '   itemprop=\"image\" itemscope=\"itemscope\" itemtype=\"https:\/\/schema.org\/ImageObject\" ><div class=\"avia-image-container-inner\"><div class=\"avia-image-overlay-wrap\"><img decoding=\"async\" fetchpriority=\"high\" class='wp-image-5070 avia-img-lazy-loading-not-5070 avia_image ' src=\"https:\/\/www.kastelsplit.com\/wp-content\/uploads\/2022\/04\/PARKING-225x300.jpeg\" alt='' title='PARKING'  height=\"300\" width=\"225\"  itemprop=\"thumbnailUrl\" srcset=\"https:\/\/www.kastelsplit.com\/wp-content\/uploads\/2022\/04\/PARKING-225x300.jpeg 225w, https:\/\/www.kastelsplit.com\/wp-content\/uploads\/2022\/04\/PARKING-773x1030.jpeg 773w, https:\/\/www.kastelsplit.com\/wp-content\/uploads\/2022\/04\/PARKING-768x1024.jpeg 768w, https:\/\/www.kastelsplit.com\/wp-content\/uploads\/2022\/04\/PARKING-1152x1536.jpeg 1152w, https:\/\/www.kastelsplit.com\/wp-content\/uploads\/2022\/04\/PARKING-1125x1500.jpeg 1125w, https:\/\/www.kastelsplit.com\/wp-content\/uploads\/2022\/04\/PARKING-529x705.jpeg 529w, https:\/\/www.kastelsplit.com\/wp-content\/uploads\/2022\/04\/PARKING.jpeg 1200w\" sizes=\"(max-width: 225px) 100vw, 225px\" \/><\/div><\/div><\/div><\/div><\/div><\/div><\/div><!-- close content main div --><\/div><\/div>\n<style type=\"text\/css\" data-created_by=\"avia_inline_auto\" id=\"style-css-av-domzd5-30db5b9857a4d167ec63bad2a88408c9\">\n.avia-section.av-domzd5-30db5b9857a4d167ec63bad2a88408c9{\nbackground-color:#750207;\nbackground-image:unset;\n}\n<\/style>\n<div id='av_section_2'  class='avia-section av-domzd5-30db5b9857a4d167ec63bad2a88408c9 main_color avia-section-default avia-no-shadow  avia-builder-el-7  el_after_av_section  el_before_av_one_half  avia-bg-style-scroll container_wrap fullsize'  ><div class='container av-section-cont-open' ><div class='template-page content  av-content-full alpha units'><div class='post-entry post-entry-type-page post-entry-4631'><div class='entry-content-wrapper clearfix'>\n\n<style type=\"text\/css\" data-created_by=\"avia_inline_auto\" id=\"style-css-av-2fwq1l-e3c0f426eec36479412f96609ab03883\">\n#top .av-special-heading.av-2fwq1l-e3c0f426eec36479412f96609ab03883{\npadding-bottom:10px;\ncolor:#ffe5bc;\n}\nbody .av-special-heading.av-2fwq1l-e3c0f426eec36479412f96609ab03883 .av-special-heading-tag .heading-char{\nfont-size:25px;\n}\n.av-special-heading.av-2fwq1l-e3c0f426eec36479412f96609ab03883 .special-heading-inner-border{\nborder-color:#ffe5bc;\n}\n.av-special-heading.av-2fwq1l-e3c0f426eec36479412f96609ab03883 .av-subheading{\nfont-size:15px;\n}\n<\/style>\n<div  class='av-special-heading av-2fwq1l-e3c0f426eec36479412f96609ab03883 av-special-heading-h1 custom-color-heading blockquote modern-quote  avia-builder-el-8  el_before_av_one_full  avia-builder-el-first '><h1 class='av-special-heading-tag '  itemprop=\"headline\"  >LOKACIJA PARKINGA<\/h1><div class=\"special-heading-border\"><div class=\"special-heading-inner-border\"><\/div><\/div><\/div>\n\n<style type=\"text\/css\" data-created_by=\"avia_inline_auto\" id=\"style-css-av-b0ymg9-90b77bc37b042023cfae3918fc6302e1\">\n.flex_column.av-b0ymg9-90b77bc37b042023cfae3918fc6302e1{\nborder-radius:0px 0px 0px 0px;\npadding:0px 0px 0px 0px;\n}\n<\/style>\n<div  class='flex_column av-b0ymg9-90b77bc37b042023cfae3918fc6302e1 av_one_full  avia-builder-el-9  el_after_av_heading  el_before_av_heading  first flex_column_div av-zero-column-padding  '     ><\/div>\n<style type=\"text\/css\" data-created_by=\"avia_inline_auto\" id=\"style-css-av-m4vdez5g-e974d5b17fa6e600e3ab028586b71217\">\n#top .av-special-heading.av-m4vdez5g-e974d5b17fa6e600e3ab028586b71217{\npadding-bottom:10px;\ncolor:#ffe5bc;\n}\nbody .av-special-heading.av-m4vdez5g-e974d5b17fa6e600e3ab028586b71217 .av-special-heading-tag .heading-char{\nfont-size:25px;\n}\n.av-special-heading.av-m4vdez5g-e974d5b17fa6e600e3ab028586b71217 .special-heading-inner-border{\nborder-color:#ffe5bc;\n}\n.av-special-heading.av-m4vdez5g-e974d5b17fa6e600e3ab028586b71217 .av-subheading{\nfont-size:15px;\n}\n<\/style>\n<div  class='av-special-heading av-m4vdez5g-e974d5b17fa6e600e3ab028586b71217 av-special-heading-h1 custom-color-heading blockquote modern-quote  avia-builder-el-11  el_after_av_one_full  el_before_av_one_full '><h1 class='av-special-heading-tag '  itemprop=\"headline\"  >LOKACIJA HOTELA<\/h1><div class=\"special-heading-border\"><div class=\"special-heading-inner-border\"><\/div><\/div><\/div>\n\n<style type=\"text\/css\" data-created_by=\"avia_inline_auto\" id=\"style-css-av-36ywha-fff93ad20a4f900c9a7adb2395437f6e\">\n.flex_column.av-36ywha-fff93ad20a4f900c9a7adb2395437f6e{\nborder-radius:0px 0px 0px 0px;\npadding:0px 0px 0px 0px;\n}\n<\/style>\n<div  class='flex_column av-36ywha-fff93ad20a4f900c9a7adb2395437f6e av_one_full  avia-builder-el-12  el_after_av_heading  avia-builder-el-last  first flex_column_div av-zero-column-padding  '     ><\/div><\/div><\/div><\/div><!-- close content main div --><\/div><\/div><div id='after_section_2'  class='main_color av_default_container_wrap container_wrap fullsize'  ><div class='container av-section-cont-open' ><div class='template-page content  av-content-full alpha units'><div class='post-entry post-entry-type-page post-entry-4631'><div class='entry-content-wrapper clearfix'><div  class='flex_column av-3t2xvy-eb1c1dfcbceac3db3a4e560c87a2f58c av_one_half  avia-builder-el-14  el_after_av_section  el_before_av_one_full  avia-builder-el-first  first flex_column_div  '     ><\/div><\/p>\n<div  class='flex_column av-34i61a-2077bca79f6bb48f8678b38a7d8d0a52 av_one_full  avia-builder-el-15  el_after_av_one_half  avia-builder-el-last  first flex_column_div  column-top-margin'     ><\/div>\n","protected":false},"excerpt":{"rendered":"","protected":false},"author":1,"featured_media":0,"parent":0,"menu_order":0,"comment_status":"closed","ping_status":"closed","template":"","meta":{"footnotes":""},"class_list":["post-4631","page","type-page","status-publish","hentry"],"yoast_head":"<!-- This site is optimized with the Yoast SEO plugin v26.5 - https:\/\/yoast.com\/wordpress\/plugins\/seo\/ -->\n<title>Parking - Hotel Kastel u Splitu<\/title>\n<meta name=\"robots\" content=\"index, follow, max-snippet:-1, max-image-preview:large, max-video-preview:-1\" \/>\n<link rel=\"canonical\" href=\"https:\/\/www.kastelsplit.com\/hr\/parking\/\" \/>\n<meta property=\"og:locale\" content=\"hr_HR\" \/>\n<meta property=\"og:type\" content=\"article\" \/>\n<meta property=\"og:title\" content=\"Parking - Hotel Kastel u Splitu\" \/>\n<meta property=\"og:url\" content=\"https:\/\/www.kastelsplit.com\/hr\/parking\/\" \/>\n<meta property=\"og:site_name\" content=\"Hotel Kastel u Splitu\" \/>\n<meta property=\"article:modified_time\" content=\"2024-12-19T13:44:22+00:00\" \/>\n<meta name=\"twitter:card\" content=\"summary_large_image\" \/>\n<meta name=\"twitter:label1\" content=\"Est. reading time\" \/>\n\t<meta name=\"twitter:data1\" content=\"2 minutes\" \/>\n<script type=\"application\/ld+json\" class=\"yoast-schema-graph\">{\"@context\":\"https:\/\/schema.org\",\"@graph\":[{\"@type\":\"WebPage\",\"@id\":\"https:\/\/www.kastelsplit.com\/hr\/parking\/\",\"url\":\"https:\/\/www.kastelsplit.com\/hr\/parking\/\",\"name\":\"Parking - Hotel Kastel u Splitu\",\"isPartOf\":{\"@id\":\"https:\/\/www.kastelsplit.com\/hr\/#website\"},\"datePublished\":\"2021-05-06T13:26:15+00:00\",\"dateModified\":\"2024-12-19T13:44:22+00:00\",\"breadcrumb\":{\"@id\":\"https:\/\/www.kastelsplit.com\/hr\/parking\/#breadcrumb\"},\"inLanguage\":\"hr-HR\",\"potentialAction\":[{\"@type\":\"ReadAction\",\"target\":[\"https:\/\/www.kastelsplit.com\/hr\/parking\/\"]}]},{\"@type\":\"BreadcrumbList\",\"@id\":\"https:\/\/www.kastelsplit.com\/hr\/parking\/#breadcrumb\",\"itemListElement\":[{\"@type\":\"ListItem\",\"position\":1,\"name\":\"Home\",\"item\":\"https:\/\/www.kastelsplit.com\/hr\/\"},{\"@type\":\"ListItem\",\"position\":2,\"name\":\"Parking\"}]},{\"@type\":\"WebSite\",\"@id\":\"https:\/\/www.kastelsplit.com\/hr\/#website\",\"url\":\"https:\/\/www.kastelsplit.com\/hr\/\",\"name\":\"Hotel Kastel u Splitu\",\"description\":\"Kastel 1700  Hotel u Splitu\",\"potentialAction\":[{\"@type\":\"SearchAction\",\"target\":{\"@type\":\"EntryPoint\",\"urlTemplate\":\"https:\/\/www.kastelsplit.com\/hr\/?s={search_term_string}\"},\"query-input\":{\"@type\":\"PropertyValueSpecification\",\"valueRequired\":true,\"valueName\":\"search_term_string\"}}],\"inLanguage\":\"hr-HR\"}]}<\/script>\n<!-- \/ Yoast SEO plugin. -->","yoast_head_json":{"title":"Parking - Hotel Kastel u Splitu","robots":{"index":"index","follow":"follow","max-snippet":"max-snippet:-1","max-image-preview":"max-image-preview:large","max-video-preview":"max-video-preview:-1"},"canonical":"https:\/\/www.kastelsplit.com\/hr\/parking\/","og_locale":"hr_HR","og_type":"article","og_title":"Parking - Hotel Kastel u Splitu","og_url":"https:\/\/www.kastelsplit.com\/hr\/parking\/","og_site_name":"Hotel Kastel u Splitu","article_modified_time":"2024-12-19T13:44:22+00:00","twitter_card":"summary_large_image","twitter_misc":{"Est. reading time":"2 minutes"},"schema":{"@context":"https:\/\/schema.org","@graph":[{"@type":"WebPage","@id":"https:\/\/www.kastelsplit.com\/hr\/parking\/","url":"https:\/\/www.kastelsplit.com\/hr\/parking\/","name":"Parking - Hotel Kastel u Splitu","isPartOf":{"@id":"https:\/\/www.kastelsplit.com\/hr\/#website"},"datePublished":"2021-05-06T13:26:15+00:00","dateModified":"2024-12-19T13:44:22+00:00","breadcrumb":{"@id":"https:\/\/www.kastelsplit.com\/hr\/parking\/#breadcrumb"},"inLanguage":"hr-HR","potentialAction":[{"@type":"ReadAction","target":["https:\/\/www.kastelsplit.com\/hr\/parking\/"]}]},{"@type":"BreadcrumbList","@id":"https:\/\/www.kastelsplit.com\/hr\/parking\/#breadcrumb","itemListElement":[{"@type":"ListItem","position":1,"name":"Home","item":"https:\/\/www.kastelsplit.com\/hr\/"},{"@type":"ListItem","position":2,"name":"Parking"}]},{"@type":"WebSite","@id":"https:\/\/www.kastelsplit.com\/hr\/#website","url":"https:\/\/www.kastelsplit.com\/hr\/","name":"Hotel Kastel u Splitu","description":"Kastel 1700  Hotel u Splitu","potentialAction":[{"@type":"SearchAction","target":{"@type":"EntryPoint","urlTemplate":"https:\/\/www.kastelsplit.com\/hr\/?s={search_term_string}"},"query-input":{"@type":"PropertyValueSpecification","valueRequired":true,"valueName":"search_term_string"}}],"inLanguage":"hr-HR"}]}},"_links":{"self":[{"href":"https:\/\/www.kastelsplit.com\/hr\/wp-json\/wp\/v2\/pages\/4631","targetHints":{"allow":["GET"]}}],"collection":[{"href":"https:\/\/www.kastelsplit.com\/hr\/wp-json\/wp\/v2\/pages"}],"about":[{"href":"https:\/\/www.kastelsplit.com\/hr\/wp-json\/wp\/v2\/types\/page"}],"author":[{"embeddable":true,"href":"https:\/\/www.kastelsplit.com\/hr\/wp-json\/wp\/v2\/users\/1"}],"replies":[{"embeddable":true,"href":"https:\/\/www.kastelsplit.com\/hr\/wp-json\/wp\/v2\/comments?post=4631"}],"version-history":[{"count":5,"href":"https:\/\/www.kastelsplit.com\/hr\/wp-json\/wp\/v2\/pages\/4631\/revisions"}],"predecessor-version":[{"id":5997,"href":"https:\/\/www.kastelsplit.com\/hr\/wp-json\/wp\/v2\/pages\/4631\/revisions\/5997"}],"wp:attachment":[{"href":"https:\/\/www.kastelsplit.com\/hr\/wp-json\/wp\/v2\/media?parent=4631"}],"curies":[{"name":"wp","href":"https:\/\/api.w.org\/{rel}","templated":true}]}}