{"id":3802,"date":"2017-06-27T14:57:17","date_gmt":"2017-06-27T14:57:17","guid":{"rendered":"http:\/\/www.kastelsplit.com\/reviews\/"},"modified":"2017-07-01T17:28:31","modified_gmt":"2017-07-01T17:28:31","slug":"komentari-gostiju-hotel-kastel-split-hrvatska","status":"publish","type":"page","link":"https:\/\/www.kastelsplit.com\/hr\/komentari-gostiju-hotel-kastel-split-hrvatska\/","title":{"rendered":"Recenzije"},"content":{"rendered":"<section  class='av_textblock_section av-av_textblock-396ddf1f42196ca838231e61a4602801 '   itemscope=\"itemscope\" itemtype=\"https:\/\/schema.org\/CreativeWork\" ><div class='avia_textblock'  itemprop=\"text\" ><p>maria Silva<br \/>\nA sua localiza\u00e7\u0103o. O bom aproveitamento do espa\u00e7o. Embora pequeno, tem tudo o que \u00e9 necess\u00e1rio. O \u00fanico sen\u0103o, \u00e9 a subida das escadas com o peso das malas. Se houvesse ao menos uma rampa. Estudarem uma solu\u00e7\u0103o que facilite o transporte das malas para os quartos.<\/p>\n<p>John Horekens<br \/>\nExcellent location, on the sea front, and great views on the port and the promenade. Friendly staff.<\/p>\n<p>MARIA CAROLINA CASADO ESCOLAR<br \/>\nSu ubicaci\u00f3n, trato recibido, habitaci\u00f3n, limpieza, desayuno, vistas. Todo.<\/p>\n<p>george hamblin<br \/>\nSuperb position next to main promanard.<\/p>\n<p>Rick Graham<br \/>\nThe bed was comfortable. Bathroom was clean staff helpful and friendly internet access was cheap and quick<\/p>\n<p>Richard Cain<br \/>\nVery convenient location with a lovely view of the water front as well as the square. Suggest this is added to the details. The staff were very friendly and the directions sent beforehand were very useful.<\/p>\n<p>Sarah May<br \/>\nHotel sehr zentral bei der wundersch\u00f6nen Promenade, da aber in einem versetzen Seitengasse eher ruhig. Fenster mit Meeressicht, zu Fuss zum &#8220;American Ghetto&#8221; (Bar Lounge, Live Music etc.) nur 2 &#8211; 3 Minuten.<\/p>\n<p>Helen Ros\u00e9n<br \/>\nFantastisk service fr\u013an tjejerna p\u013a frontdesk.!! Nej, men saknade en kaffebryggare!<\/p>\n<p>NikG<br \/>\nDoes the job.<br \/>\nWe stayed in Hotel Kastel on our last night in Croatia, having caught the ferry back to Split from Hvar. For our purposes, it couldn&#8217;t have been better &#8211; a short walk from the catamaran terminal, hugely convenient for the old palace, and easy to arrange a transfer to the airport in the morning.<\/p>\n<p>We booked a studio apartment (no. 4), and were pleased with it. The room was basic, but clean and comfortable, with a double bed, TV, wardrobe, freestanding air con unit, kitchenette and shower room. It would have been quite suitable for a longer stay, maybe a long weekend or so. The apartment had windows overlooking the Riva, so I would imagine there may be noise from the cafes below at times, but the windows had shutters and double glazing, so this may not be too much of a problem.<\/p>\n<p>Check in and out was efficient and friendly, and the hotel arranged for a car to take us to the airport early in the morning (although because the old town is largely pedestrianised, we had to walk to the edge of the old palace to be picked up). There is a flat rate of 260 kuna if you get the hotel to book the car.<\/p>\n<p>The only drawbacks were that it was slightly tricky to find (keep an eye out for the sign on the first floor window, you have to double back on yourself from the Riva, down a little alleyway); there are lots of steps up to reception and the rooms; the shower room was tiny, and may become a nuisance if staying longer than a few nights. I also noticed that a couple of the rooms appeared to open directly onto the reception area,<br \/>\nso I&#8217;d check whether this was the case as it may be a bit noisy.<\/p>\n<p>lafalil<br \/>\nGreat little private hotel. Hotel Kastel is a terrific little hotel right in downtown Split. it&#8217;s tucked down an alley way and the staff is very helpful and very friendly. Location is ideal and the price was great!<\/p>\n<\/div><\/section>\n","protected":false},"excerpt":{"rendered":"","protected":false},"author":1,"featured_media":0,"parent":0,"menu_order":0,"comment_status":"closed","ping_status":"closed","template":"","meta":{"footnotes":""},"class_list":["post-3802","page","type-page","status-publish","hentry"],"yoast_head":"<!-- This site is optimized with the Yoast SEO plugin v26.5 - https:\/\/yoast.com\/wordpress\/plugins\/seo\/ -->\n<title>Recenzije - Hotel Kastel u Splitu<\/title>\n<meta name=\"robots\" content=\"index, follow, max-snippet:-1, max-image-preview:large, max-video-preview:-1\" \/>\n<link rel=\"canonical\" href=\"https:\/\/www.kastelsplit.com\/hr\/komentari-gostiju-hotel-kastel-split-hrvatska\/\" \/>\n<meta property=\"og:locale\" content=\"hr_HR\" \/>\n<meta property=\"og:type\" content=\"article\" \/>\n<meta property=\"og:title\" content=\"Recenzije - Hotel Kastel u Splitu\" \/>\n<meta property=\"og:url\" content=\"https:\/\/www.kastelsplit.com\/hr\/komentari-gostiju-hotel-kastel-split-hrvatska\/\" \/>\n<meta property=\"og:site_name\" content=\"Hotel Kastel u Splitu\" \/>\n<meta property=\"article:modified_time\" content=\"2017-07-01T17:28:31+00:00\" \/>\n<meta name=\"twitter:card\" content=\"summary_large_image\" \/>\n<meta name=\"twitter:label1\" content=\"Est. reading time\" \/>\n\t<meta name=\"twitter:data1\" content=\"3 minutes\" \/>\n<script type=\"application\/ld+json\" class=\"yoast-schema-graph\">{\"@context\":\"https:\/\/schema.org\",\"@graph\":[{\"@type\":\"WebPage\",\"@id\":\"https:\/\/www.kastelsplit.com\/hr\/komentari-gostiju-hotel-kastel-split-hrvatska\/\",\"url\":\"https:\/\/www.kastelsplit.com\/hr\/komentari-gostiju-hotel-kastel-split-hrvatska\/\",\"name\":\"Recenzije - Hotel Kastel u Splitu\",\"isPartOf\":{\"@id\":\"https:\/\/www.kastelsplit.com\/hr\/#website\"},\"datePublished\":\"2017-06-27T14:57:17+00:00\",\"dateModified\":\"2017-07-01T17:28:31+00:00\",\"breadcrumb\":{\"@id\":\"https:\/\/www.kastelsplit.com\/hr\/komentari-gostiju-hotel-kastel-split-hrvatska\/#breadcrumb\"},\"inLanguage\":\"hr-HR\",\"potentialAction\":[{\"@type\":\"ReadAction\",\"target\":[\"https:\/\/www.kastelsplit.com\/hr\/komentari-gostiju-hotel-kastel-split-hrvatska\/\"]}]},{\"@type\":\"BreadcrumbList\",\"@id\":\"https:\/\/www.kastelsplit.com\/hr\/komentari-gostiju-hotel-kastel-split-hrvatska\/#breadcrumb\",\"itemListElement\":[{\"@type\":\"ListItem\",\"position\":1,\"name\":\"Home\",\"item\":\"https:\/\/www.kastelsplit.com\/hr\/\"},{\"@type\":\"ListItem\",\"position\":2,\"name\":\"Recenzije\"}]},{\"@type\":\"WebSite\",\"@id\":\"https:\/\/www.kastelsplit.com\/hr\/#website\",\"url\":\"https:\/\/www.kastelsplit.com\/hr\/\",\"name\":\"Hotel Kastel u Splitu\",\"description\":\"Kastel 1700  Hotel u Splitu\",\"potentialAction\":[{\"@type\":\"SearchAction\",\"target\":{\"@type\":\"EntryPoint\",\"urlTemplate\":\"https:\/\/www.kastelsplit.com\/hr\/?s={search_term_string}\"},\"query-input\":{\"@type\":\"PropertyValueSpecification\",\"valueRequired\":true,\"valueName\":\"search_term_string\"}}],\"inLanguage\":\"hr-HR\"}]}<\/script>\n<!-- \/ Yoast SEO plugin. -->","yoast_head_json":{"title":"Recenzije - Hotel Kastel u Splitu","robots":{"index":"index","follow":"follow","max-snippet":"max-snippet:-1","max-image-preview":"max-image-preview:large","max-video-preview":"max-video-preview:-1"},"canonical":"https:\/\/www.kastelsplit.com\/hr\/komentari-gostiju-hotel-kastel-split-hrvatska\/","og_locale":"hr_HR","og_type":"article","og_title":"Recenzije - Hotel Kastel u Splitu","og_url":"https:\/\/www.kastelsplit.com\/hr\/komentari-gostiju-hotel-kastel-split-hrvatska\/","og_site_name":"Hotel Kastel u Splitu","article_modified_time":"2017-07-01T17:28:31+00:00","twitter_card":"summary_large_image","twitter_misc":{"Est. reading time":"3 minutes"},"schema":{"@context":"https:\/\/schema.org","@graph":[{"@type":"WebPage","@id":"https:\/\/www.kastelsplit.com\/hr\/komentari-gostiju-hotel-kastel-split-hrvatska\/","url":"https:\/\/www.kastelsplit.com\/hr\/komentari-gostiju-hotel-kastel-split-hrvatska\/","name":"Recenzije - Hotel Kastel u Splitu","isPartOf":{"@id":"https:\/\/www.kastelsplit.com\/hr\/#website"},"datePublished":"2017-06-27T14:57:17+00:00","dateModified":"2017-07-01T17:28:31+00:00","breadcrumb":{"@id":"https:\/\/www.kastelsplit.com\/hr\/komentari-gostiju-hotel-kastel-split-hrvatska\/#breadcrumb"},"inLanguage":"hr-HR","potentialAction":[{"@type":"ReadAction","target":["https:\/\/www.kastelsplit.com\/hr\/komentari-gostiju-hotel-kastel-split-hrvatska\/"]}]},{"@type":"BreadcrumbList","@id":"https:\/\/www.kastelsplit.com\/hr\/komentari-gostiju-hotel-kastel-split-hrvatska\/#breadcrumb","itemListElement":[{"@type":"ListItem","position":1,"name":"Home","item":"https:\/\/www.kastelsplit.com\/hr\/"},{"@type":"ListItem","position":2,"name":"Recenzije"}]},{"@type":"WebSite","@id":"https:\/\/www.kastelsplit.com\/hr\/#website","url":"https:\/\/www.kastelsplit.com\/hr\/","name":"Hotel Kastel u Splitu","description":"Kastel 1700  Hotel u Splitu","potentialAction":[{"@type":"SearchAction","target":{"@type":"EntryPoint","urlTemplate":"https:\/\/www.kastelsplit.com\/hr\/?s={search_term_string}"},"query-input":{"@type":"PropertyValueSpecification","valueRequired":true,"valueName":"search_term_string"}}],"inLanguage":"hr-HR"}]}},"_links":{"self":[{"href":"https:\/\/www.kastelsplit.com\/hr\/wp-json\/wp\/v2\/pages\/3802","targetHints":{"allow":["GET"]}}],"collection":[{"href":"https:\/\/www.kastelsplit.com\/hr\/wp-json\/wp\/v2\/pages"}],"about":[{"href":"https:\/\/www.kastelsplit.com\/hr\/wp-json\/wp\/v2\/types\/page"}],"author":[{"embeddable":true,"href":"https:\/\/www.kastelsplit.com\/hr\/wp-json\/wp\/v2\/users\/1"}],"replies":[{"embeddable":true,"href":"https:\/\/www.kastelsplit.com\/hr\/wp-json\/wp\/v2\/comments?post=3802"}],"version-history":[{"count":1,"href":"https:\/\/www.kastelsplit.com\/hr\/wp-json\/wp\/v2\/pages\/3802\/revisions"}],"predecessor-version":[{"id":3803,"href":"https:\/\/www.kastelsplit.com\/hr\/wp-json\/wp\/v2\/pages\/3802\/revisions\/3803"}],"wp:attachment":[{"href":"https:\/\/www.kastelsplit.com\/hr\/wp-json\/wp\/v2\/media?parent=3802"}],"curies":[{"name":"wp","href":"https:\/\/api.w.org\/{rel}","templated":true}]}}