{"id":3790,"date":"2017-06-14T14:43:09","date_gmt":"2017-06-14T14:43:09","guid":{"rendered":"http:\/\/www.kastelsplit.com\/services\/"},"modified":"2021-05-11T14:50:05","modified_gmt":"2021-05-11T14:50:05","slug":"usluge","status":"publish","type":"page","link":"https:\/\/www.kastelsplit.com\/hr\/usluge\/","title":{"rendered":"Usluge"},"content":{"rendered":"<div id='full_slider_1'  class='avia-fullwidth-slider main_color avia-shadow   avia-builder-el-0  el_before_av_section  avia-builder-el-first   container_wrap fullsize'  >\n<style type=\"text\/css\" data-created_by=\"avia_inline_auto\" id=\"style-css-av-av_slideshow_full-32de997090c749a8c82b86d1ff824dd4\">\n#top #wrap_all .avia-slideshow .av-slideshow-caption.av-av_slideshow_full-32de997090c749a8c82b86d1ff824dd4__0 .avia-caption-title{\nfont-size:60px;\n}\n<\/style>\n<div  class='avia-slideshow av-av_slideshow_full-32de997090c749a8c82b86d1ff824dd4 avia-slideshow-featured av_slideshow_full avia-slide-slider av-slideshow-ui av-control-default av-slideshow-manual av-loop-once av-loop-manual-endless av-default-height-applied   avia-slideshow-1' data-slideshow-options=\"{&quot;animation&quot;:&quot;slide&quot;,&quot;autoplay&quot;:false,&quot;loop_autoplay&quot;:&quot;once&quot;,&quot;interval&quot;:5,&quot;loop_manual&quot;:&quot;manual-endless&quot;,&quot;autoplay_stopper&quot;:false,&quot;noNavigation&quot;:false,&quot;bg_slider&quot;:false,&quot;keep_padding&quot;:false,&quot;hoverpause&quot;:false,&quot;show_slide_delay&quot;:0}\"  itemprop=\"image\" itemscope=\"itemscope\" itemtype=\"https:\/\/schema.org\/ImageObject\" ><ul class='avia-slideshow-inner ' style='padding-bottom: 28.666666666667%;'><\/ul><\/div><\/div>\n\n<style type=\"text\/css\" data-created_by=\"avia_inline_auto\" id=\"style-css-av-av_section-6295c535ec728e91a6fb40c2fee3dac2\">\n.avia-section.av-av_section-6295c535ec728e91a6fb40c2fee3dac2{\nbackground-color:#ffe5bc;\nbackground-image:unset;\n}\n<\/style>\n<div id='av_section_1'  class='avia-section av-av_section-6295c535ec728e91a6fb40c2fee3dac2 main_color avia-section-default avia-no-shadow  avia-builder-el-1  el_after_av_slideshow_full  avia-builder-el-last  avia-bg-style-scroll container_wrap fullsize'  ><div class='container av-section-cont-open' ><div class='template-page content  av-content-full alpha units'><div class='post-entry post-entry-type-page post-entry-3790'><div class='entry-content-wrapper clearfix'>\n\n<style type=\"text\/css\" data-created_by=\"avia_inline_auto\" id=\"style-css-av-av_one_half-6126cab7d8fab8d08143dd2dacdf673c\">\n.flex_column.av-av_one_half-6126cab7d8fab8d08143dd2dacdf673c{\nborder-radius:0px 0px 0px 0px;\npadding:0px 0px 0px 0px;\n}\n<\/style>\n<div  class='flex_column av-av_one_half-6126cab7d8fab8d08143dd2dacdf673c av_one_half  avia-builder-el-2  el_before_av_one_half  avia-builder-el-first  first flex_column_div av-zero-column-padding  '     ><p>\n<style type=\"text\/css\" data-created_by=\"avia_inline_auto\" id=\"style-css-av-av_heading-76215601946c7da8b97c6f9b39f2c6da\">\n#top .av-special-heading.av-av_heading-76215601946c7da8b97c6f9b39f2c6da{\npadding-bottom:10px;\ncolor:#750207;\n}\nbody .av-special-heading.av-av_heading-76215601946c7da8b97c6f9b39f2c6da .av-special-heading-tag .heading-char{\nfont-size:25px;\n}\n.av-special-heading.av-av_heading-76215601946c7da8b97c6f9b39f2c6da .special-heading-inner-border{\nborder-color:#750207;\n}\n.av-special-heading.av-av_heading-76215601946c7da8b97c6f9b39f2c6da .av-subheading{\nfont-size:15px;\n}\n<\/style>\n<div  class='av-special-heading av-av_heading-76215601946c7da8b97c6f9b39f2c6da av-special-heading-h1 custom-color-heading blockquote modern-quote  avia-builder-el-3  el_before_av_textblock  avia-builder-el-first '><h1 class='av-special-heading-tag '  itemprop=\"headline\"  >Usluge na recepciji<\/h1><div class=\"special-heading-border\"><div class=\"special-heading-inner-border\"><\/div><\/div><\/div><br \/>\n\n<style type=\"text\/css\" data-created_by=\"avia_inline_auto\" id=\"style-css-av-kok5hklo-5bab462dea68a9011b1f9e33b93557c0\">\n#top .av_textblock_section.av-kok5hklo-5bab462dea68a9011b1f9e33b93557c0 .avia_textblock{\ncolor:#750207;\n}\n<\/style>\n<section  class='av_textblock_section av-kok5hklo-5bab462dea68a9011b1f9e33b93557c0 '   itemscope=\"itemscope\" itemtype=\"https:\/\/schema.org\/CreativeWork\" ><div class='avia_textblock av_inherit_color'  itemprop=\"text\" ><ul>\n<li>Usluga transfera<\/li>\n<li>Pomo\u0107 pri organiziranju izleta<\/li>\n<li>Usluge prtljage<\/li>\n<li>Posluga u sobu<\/li>\n<li>Usluga pranja rublja<\/li>\n<li>Bro\u0161ure, novine&#8230;<\/li>\n<\/ul>\n<p>Navedene stavke napla\u0107uju se prema va\u017ee\u0107im hotelskim cijenama.<br \/>\nUsluge pranja i pranja obavljaju isklju\u010divo hotelsko \u00a0i \/ ili ovla\u0161teno osoblje.<\/p>\n<\/div><\/section><\/p><\/div>\n<style type=\"text\/css\" data-created_by=\"avia_inline_auto\" id=\"style-css-av-av_one_half-0aa7055fe62c3622faec82866afbaeb2\">\n.flex_column.av-av_one_half-0aa7055fe62c3622faec82866afbaeb2{\nborder-radius:0px 0px 0px 0px;\npadding:0px 0px 0px 0px;\n}\n<\/style>\n<div  class='flex_column av-av_one_half-0aa7055fe62c3622faec82866afbaeb2 av_one_half  avia-builder-el-5  el_after_av_one_half  avia-builder-el-last  flex_column_div av-zero-column-padding  '     ><style type=\"text\/css\" data-created_by=\"avia_inline_auto\" id=\"style-css-av-av_image-262927a81c4b4afd7b92bfd8746c397f\">\n.avia-image-container.av-av_image-262927a81c4b4afd7b92bfd8746c397f img.avia_image{\nbox-shadow:none;\n}\n.avia-image-container.av-av_image-262927a81c4b4afd7b92bfd8746c397f .av-image-caption-overlay-center{\ncolor:#ffffff;\n}\n<\/style>\n<div  class='avia-image-container av-av_image-262927a81c4b4afd7b92bfd8746c397f av-styling- avia-align-center  avia-builder-el-6  avia-builder-el-no-sibling '   itemprop=\"image\" itemscope=\"itemscope\" itemtype=\"https:\/\/schema.org\/ImageObject\" ><div class=\"avia-image-container-inner\"><div class=\"avia-image-overlay-wrap\"><img decoding=\"async\" fetchpriority=\"high\" class='wp-image-3695 avia-img-lazy-loading-not-3695 avia_image ' src=\"https:\/\/www.kastelsplit.com\/wp-content\/uploads\/2017\/06\/concierge-780x321.jpg\" alt='' title='concierge'  height=\"321\" width=\"780\"  itemprop=\"thumbnailUrl\"  \/><\/div><\/div><\/div><\/div>\n","protected":false},"excerpt":{"rendered":"","protected":false},"author":1,"featured_media":0,"parent":0,"menu_order":0,"comment_status":"closed","ping_status":"closed","template":"","meta":{"footnotes":""},"class_list":["post-3790","page","type-page","status-publish","hentry"],"yoast_head":"<!-- This site is optimized with the Yoast SEO plugin v26.5 - https:\/\/yoast.com\/wordpress\/plugins\/seo\/ -->\n<title>Usluge - Hotel Kastel u Splitu<\/title>\n<meta name=\"robots\" content=\"index, follow, max-snippet:-1, max-image-preview:large, max-video-preview:-1\" \/>\n<link rel=\"canonical\" href=\"https:\/\/www.kastelsplit.com\/hr\/usluge\/\" \/>\n<meta property=\"og:locale\" content=\"hr_HR\" \/>\n<meta property=\"og:type\" content=\"article\" \/>\n<meta property=\"og:title\" content=\"Usluge - Hotel Kastel u Splitu\" \/>\n<meta property=\"og:url\" content=\"https:\/\/www.kastelsplit.com\/hr\/usluge\/\" \/>\n<meta property=\"og:site_name\" content=\"Hotel Kastel u Splitu\" \/>\n<meta property=\"article:modified_time\" content=\"2021-05-11T14:50:05+00:00\" \/>\n<meta name=\"twitter:card\" content=\"summary_large_image\" \/>\n<meta name=\"twitter:label1\" content=\"Est. reading time\" \/>\n\t<meta name=\"twitter:data1\" content=\"1 minute\" \/>\n<script type=\"application\/ld+json\" class=\"yoast-schema-graph\">{\"@context\":\"https:\/\/schema.org\",\"@graph\":[{\"@type\":\"WebPage\",\"@id\":\"https:\/\/www.kastelsplit.com\/hr\/usluge\/\",\"url\":\"https:\/\/www.kastelsplit.com\/hr\/usluge\/\",\"name\":\"Usluge - Hotel Kastel u Splitu\",\"isPartOf\":{\"@id\":\"https:\/\/www.kastelsplit.com\/hr\/#website\"},\"datePublished\":\"2017-06-14T14:43:09+00:00\",\"dateModified\":\"2021-05-11T14:50:05+00:00\",\"breadcrumb\":{\"@id\":\"https:\/\/www.kastelsplit.com\/hr\/usluge\/#breadcrumb\"},\"inLanguage\":\"hr-HR\",\"potentialAction\":[{\"@type\":\"ReadAction\",\"target\":[\"https:\/\/www.kastelsplit.com\/hr\/usluge\/\"]}]},{\"@type\":\"BreadcrumbList\",\"@id\":\"https:\/\/www.kastelsplit.com\/hr\/usluge\/#breadcrumb\",\"itemListElement\":[{\"@type\":\"ListItem\",\"position\":1,\"name\":\"Home\",\"item\":\"https:\/\/www.kastelsplit.com\/hr\/\"},{\"@type\":\"ListItem\",\"position\":2,\"name\":\"Usluge\"}]},{\"@type\":\"WebSite\",\"@id\":\"https:\/\/www.kastelsplit.com\/hr\/#website\",\"url\":\"https:\/\/www.kastelsplit.com\/hr\/\",\"name\":\"Hotel Kastel u Splitu\",\"description\":\"Kastel 1700  Hotel u Splitu\",\"potentialAction\":[{\"@type\":\"SearchAction\",\"target\":{\"@type\":\"EntryPoint\",\"urlTemplate\":\"https:\/\/www.kastelsplit.com\/hr\/?s={search_term_string}\"},\"query-input\":{\"@type\":\"PropertyValueSpecification\",\"valueRequired\":true,\"valueName\":\"search_term_string\"}}],\"inLanguage\":\"hr-HR\"}]}<\/script>\n<!-- \/ Yoast SEO plugin. -->","yoast_head_json":{"title":"Usluge - Hotel Kastel u Splitu","robots":{"index":"index","follow":"follow","max-snippet":"max-snippet:-1","max-image-preview":"max-image-preview:large","max-video-preview":"max-video-preview:-1"},"canonical":"https:\/\/www.kastelsplit.com\/hr\/usluge\/","og_locale":"hr_HR","og_type":"article","og_title":"Usluge - Hotel Kastel u Splitu","og_url":"https:\/\/www.kastelsplit.com\/hr\/usluge\/","og_site_name":"Hotel Kastel u Splitu","article_modified_time":"2021-05-11T14:50:05+00:00","twitter_card":"summary_large_image","twitter_misc":{"Est. reading time":"1 minute"},"schema":{"@context":"https:\/\/schema.org","@graph":[{"@type":"WebPage","@id":"https:\/\/www.kastelsplit.com\/hr\/usluge\/","url":"https:\/\/www.kastelsplit.com\/hr\/usluge\/","name":"Usluge - Hotel Kastel u Splitu","isPartOf":{"@id":"https:\/\/www.kastelsplit.com\/hr\/#website"},"datePublished":"2017-06-14T14:43:09+00:00","dateModified":"2021-05-11T14:50:05+00:00","breadcrumb":{"@id":"https:\/\/www.kastelsplit.com\/hr\/usluge\/#breadcrumb"},"inLanguage":"hr-HR","potentialAction":[{"@type":"ReadAction","target":["https:\/\/www.kastelsplit.com\/hr\/usluge\/"]}]},{"@type":"BreadcrumbList","@id":"https:\/\/www.kastelsplit.com\/hr\/usluge\/#breadcrumb","itemListElement":[{"@type":"ListItem","position":1,"name":"Home","item":"https:\/\/www.kastelsplit.com\/hr\/"},{"@type":"ListItem","position":2,"name":"Usluge"}]},{"@type":"WebSite","@id":"https:\/\/www.kastelsplit.com\/hr\/#website","url":"https:\/\/www.kastelsplit.com\/hr\/","name":"Hotel Kastel u Splitu","description":"Kastel 1700  Hotel u Splitu","potentialAction":[{"@type":"SearchAction","target":{"@type":"EntryPoint","urlTemplate":"https:\/\/www.kastelsplit.com\/hr\/?s={search_term_string}"},"query-input":{"@type":"PropertyValueSpecification","valueRequired":true,"valueName":"search_term_string"}}],"inLanguage":"hr-HR"}]}},"_links":{"self":[{"href":"https:\/\/www.kastelsplit.com\/hr\/wp-json\/wp\/v2\/pages\/3790","targetHints":{"allow":["GET"]}}],"collection":[{"href":"https:\/\/www.kastelsplit.com\/hr\/wp-json\/wp\/v2\/pages"}],"about":[{"href":"https:\/\/www.kastelsplit.com\/hr\/wp-json\/wp\/v2\/types\/page"}],"author":[{"embeddable":true,"href":"https:\/\/www.kastelsplit.com\/hr\/wp-json\/wp\/v2\/users\/1"}],"replies":[{"embeddable":true,"href":"https:\/\/www.kastelsplit.com\/hr\/wp-json\/wp\/v2\/comments?post=3790"}],"version-history":[{"count":3,"href":"https:\/\/www.kastelsplit.com\/hr\/wp-json\/wp\/v2\/pages\/3790\/revisions"}],"predecessor-version":[{"id":4748,"href":"https:\/\/www.kastelsplit.com\/hr\/wp-json\/wp\/v2\/pages\/3790\/revisions\/4748"}],"wp:attachment":[{"href":"https:\/\/www.kastelsplit.com\/hr\/wp-json\/wp\/v2\/media?parent=3790"}],"curies":[{"name":"wp","href":"https:\/\/api.w.org\/{rel}","templated":true}]}}