{"id":3787,"date":"2017-06-14T14:46:59","date_gmt":"2017-06-14T14:46:59","guid":{"rendered":"http:\/\/www.kastelsplit.com\/location\/"},"modified":"2023-11-22T10:23:40","modified_gmt":"2023-11-22T10:23:40","slug":"split-hotel-kastel-lokacija-na-mapi-grada-splita","status":"publish","type":"page","link":"https:\/\/www.kastelsplit.com\/hr\/split-hotel-kastel-lokacija-na-mapi-grada-splita\/","title":{"rendered":"Lokacija"},"content":{"rendered":"<div id='full_slider_1'  class='avia-fullwidth-slider main_color avia-shadow   avia-builder-el-0  el_before_av_section  avia-builder-el-first   container_wrap fullsize'  >\n<style type=\"text\/css\" data-created_by=\"avia_inline_auto\" id=\"style-css-av-av_slideshow_full-32de997090c749a8c82b86d1ff824dd4\">\n#top #wrap_all .avia-slideshow .av-slideshow-caption.av-av_slideshow_full-32de997090c749a8c82b86d1ff824dd4__0 .avia-caption-title{\nfont-size:100px;\n}\n<\/style>\n<div  class='avia-slideshow av-av_slideshow_full-32de997090c749a8c82b86d1ff824dd4 avia-slideshow-featured av_slideshow_full avia-slide-slider av-slideshow-ui av-control-default av-slideshow-manual av-loop-once av-loop-manual-endless av-default-height-applied   avia-slideshow-1' data-slideshow-options=\"{&quot;animation&quot;:&quot;slide&quot;,&quot;autoplay&quot;:false,&quot;loop_autoplay&quot;:&quot;once&quot;,&quot;interval&quot;:5,&quot;loop_manual&quot;:&quot;manual-endless&quot;,&quot;autoplay_stopper&quot;:false,&quot;noNavigation&quot;:false,&quot;bg_slider&quot;:false,&quot;keep_padding&quot;:false,&quot;hoverpause&quot;:false,&quot;show_slide_delay&quot;:0}\"  itemprop=\"image\" itemscope=\"itemscope\" itemtype=\"https:\/\/schema.org\/ImageObject\" ><ul class='avia-slideshow-inner ' style='padding-bottom: 28.666666666667%;'><li  class='avia-slideshow-slide av-av_slideshow_full-32de997090c749a8c82b86d1ff824dd4__0  av-single-slide slide-1 slide-odd'><div data-rel='slideshow-1' class='avia-slide-wrap '   ><div class='av-slideshow-caption av-av_slideshow_full-32de997090c749a8c82b86d1ff824dd4__0 caption_fullwidth caption_bottom'><div class=\"container caption_container\"><div class=\"slideshow_caption\"><div class=\"slideshow_inner_caption\"><div class=\"slideshow_align_caption\"><h2 class='avia-caption-title '  itemprop=\"name\" >LOKACIJA<\/h2><\/div><\/div><\/div><\/div><\/div><img decoding=\"async\" fetchpriority=\"high\" class=\"wp-image-3680 avia-img-lazy-loading-not-3680\"  src=\"https:\/\/www.kastelsplit.com\/wp-content\/uploads\/2017\/06\/4-1500x430.jpg\" width=\"1500\" height=\"430\" title='DCIM100GOPROG0131003.' alt=''  itemprop=\"thumbnailUrl\"   \/><\/div><\/li><\/ul><\/div><\/div>\n\n<style type=\"text\/css\" data-created_by=\"avia_inline_auto\" id=\"style-css-av-av_section-6295c535ec728e91a6fb40c2fee3dac2\">\n.avia-section.av-av_section-6295c535ec728e91a6fb40c2fee3dac2{\nbackground-color:#ffe5bc;\nbackground-image:unset;\n}\n<\/style>\n<div id='av_section_1'  class='avia-section av-av_section-6295c535ec728e91a6fb40c2fee3dac2 main_color avia-section-default avia-no-shadow  avia-builder-el-1  el_after_av_slideshow_full  el_before_av_section  avia-bg-style-scroll container_wrap fullsize'  ><div class='container av-section-cont-open' ><div class='template-page content  av-content-full alpha units'><div class='post-entry post-entry-type-page post-entry-3787'><div class='entry-content-wrapper clearfix'>\n\n<style type=\"text\/css\" data-created_by=\"avia_inline_auto\" id=\"style-css-av-av_one_half-6126cab7d8fab8d08143dd2dacdf673c\">\n.flex_column.av-av_one_half-6126cab7d8fab8d08143dd2dacdf673c{\nborder-radius:0px 0px 0px 0px;\npadding:0px 0px 0px 0px;\n}\n<\/style>\n<div  class='flex_column av-av_one_half-6126cab7d8fab8d08143dd2dacdf673c av_one_half  avia-builder-el-2  el_before_av_one_half  avia-builder-el-first  first flex_column_div av-zero-column-padding  '     ><p>\n<style type=\"text\/css\" data-created_by=\"avia_inline_auto\" id=\"style-css-av-kobefhqi-1649db437dee9178a51e61c999e62b68\">\n#top .av-special-heading.av-kobefhqi-1649db437dee9178a51e61c999e62b68{\npadding-bottom:10px;\ncolor:#750207;\n}\nbody .av-special-heading.av-kobefhqi-1649db437dee9178a51e61c999e62b68 .av-special-heading-tag .heading-char{\nfont-size:25px;\n}\n.av-special-heading.av-kobefhqi-1649db437dee9178a51e61c999e62b68 .special-heading-inner-border{\nborder-color:#750207;\n}\n.av-special-heading.av-kobefhqi-1649db437dee9178a51e61c999e62b68 .av-subheading{\nfont-size:15px;\n}\n<\/style>\n<div  class='av-special-heading av-kobefhqi-1649db437dee9178a51e61c999e62b68 av-special-heading-h1 custom-color-heading blockquote modern-quote  avia-builder-el-3  el_before_av_textblock  avia-builder-el-first '><h1 class='av-special-heading-tag '  itemprop=\"headline\"  >U centru Splita<\/h1><div class='av_custom_color av-subheading av-subheading_below'><p>Smje\u0161taj u Dioklecijanovoj pala\u010di<\/p>\n<\/div><div class=\"special-heading-border\"><div class=\"special-heading-inner-border\"><\/div><\/div><\/div><br \/>\n\n<style type=\"text\/css\" data-created_by=\"avia_inline_auto\" id=\"style-css-av-kobee3jw-6222c913d65158aa5b8a832be40eedde\">\n#top .av_textblock_section.av-kobee3jw-6222c913d65158aa5b8a832be40eedde .avia_textblock{\ncolor:#750207;\n}\n<\/style>\n<section  class='av_textblock_section av-kobee3jw-6222c913d65158aa5b8a832be40eedde '   itemscope=\"itemscope\" itemtype=\"https:\/\/schema.org\/CreativeWork\" ><div class='avia_textblock av_inherit_color'  itemprop=\"text\" ><p>Hotel Kastel 1700 je smje\u0161ten u sredi\u0161tu starog dijela grada, na ju\u017enoj strani Dioklecijanove pala\u010de. Smje\u0161teni smo samo 300 m od gradske luke, autobusnog i \u017eeljezni\u010dkog kolodvora. Ako dolazite iz toga smjera krenite prema Rivi. Na po\u010detku Rive nalazi se javni parking (nama najbli\u017ei) i samo nastavite hodati Rivom nekih 100 m, i skrenite na gradski Trg bra\u0107e Radi\u0107 (Vo\u0107ni trg) izme\u0111u dvije trafike (Tisak i Slobodna Dalmacija). Na trgu se nalazi kip Marka Marulica, kad do\u0111ete do kipa skrenite desno dva puta i mi smo na dnu male uli\u010dice Mihovilova \u0161irina 5.<\/p>\n<\/div><\/section><\/p><\/div>\n<style type=\"text\/css\" data-created_by=\"avia_inline_auto\" id=\"style-css-av-av_one_half-0aa7055fe62c3622faec82866afbaeb2\">\n.flex_column.av-av_one_half-0aa7055fe62c3622faec82866afbaeb2{\nborder-radius:0px 0px 0px 0px;\npadding:0px 0px 0px 0px;\n}\n<\/style>\n<div  class='flex_column av-av_one_half-0aa7055fe62c3622faec82866afbaeb2 av_one_half  avia-builder-el-5  el_after_av_one_half  avia-builder-el-last  flex_column_div av-zero-column-padding  '     ><style type=\"text\/css\" data-created_by=\"avia_inline_auto\" id=\"style-css-av-av_image-8371b2eea6f040ef3b30152820832269\">\n.avia-image-container.av-av_image-8371b2eea6f040ef3b30152820832269 img.avia_image{\nbox-shadow:none;\n}\n.avia-image-container.av-av_image-8371b2eea6f040ef3b30152820832269 .av-image-caption-overlay-center{\ncolor:#ffffff;\n}\n<\/style>\n<div  class='avia-image-container av-av_image-8371b2eea6f040ef3b30152820832269 av-styling- avia-align-center  avia-builder-el-6  avia-builder-el-no-sibling '   itemprop=\"image\" itemscope=\"itemscope\" itemtype=\"https:\/\/schema.org\/ImageObject\" ><div class=\"avia-image-container-inner\"><div class=\"avia-image-overlay-wrap\"><img decoding=\"async\" fetchpriority=\"high\" class='wp-image-3863 avia-img-lazy-loading-not-3863 avia_image ' src=\"https:\/\/www.kastelsplit.com\/wp-content\/uploads\/2017\/06\/sl1-13-300x204.jpg\" alt='' title='sl1-13'  height=\"204\" width=\"300\"  itemprop=\"thumbnailUrl\" srcset=\"https:\/\/www.kastelsplit.com\/wp-content\/uploads\/2017\/06\/sl1-13-300x204.jpg 300w, https:\/\/www.kastelsplit.com\/wp-content\/uploads\/2017\/06\/sl1-13-768x522.jpg 768w, https:\/\/www.kastelsplit.com\/wp-content\/uploads\/2017\/06\/sl1-13-1030x700.jpg 1030w, https:\/\/www.kastelsplit.com\/wp-content\/uploads\/2017\/06\/sl1-13-705x479.jpg 705w, https:\/\/www.kastelsplit.com\/wp-content\/uploads\/2017\/06\/sl1-13-450x306.jpg 450w, https:\/\/www.kastelsplit.com\/wp-content\/uploads\/2017\/06\/sl1-13.jpg 1200w\" sizes=\"(max-width: 300px) 100vw, 300px\" \/><\/div><\/div><\/div><\/div><\/div><\/div><\/div><!-- close content main div --><\/div><\/div>\n<style type=\"text\/css\" data-created_by=\"avia_inline_auto\" id=\"style-css-av-av_section-628278d482b995c23104932a7cf474db\">\n.avia-section.av-av_section-628278d482b995c23104932a7cf474db{\nbackground-color:#750207;\nbackground-image:unset;\n}\n<\/style>\n<div id='av_section_2'  class='avia-section av-av_section-628278d482b995c23104932a7cf474db main_color avia-section-default avia-no-shadow  avia-builder-el-7  el_after_av_section  avia-builder-el-last  avia-bg-style-scroll container_wrap fullsize'  ><div class='container av-section-cont-open' ><div class='template-page content  av-content-full alpha units'><div class='post-entry post-entry-type-page post-entry-3787'><div class='entry-content-wrapper clearfix'>\n\n<style type=\"text\/css\" data-created_by=\"avia_inline_auto\" id=\"style-css-av-av_heading-6a88ec783450a10e6e4bbeda305ebec3\">\n#top .av-special-heading.av-av_heading-6a88ec783450a10e6e4bbeda305ebec3{\npadding-bottom:10px;\ncolor:#ffe5bc;\n}\nbody .av-special-heading.av-av_heading-6a88ec783450a10e6e4bbeda305ebec3 .av-special-heading-tag .heading-char{\nfont-size:25px;\n}\n.av-special-heading.av-av_heading-6a88ec783450a10e6e4bbeda305ebec3 .special-heading-inner-border{\nborder-color:#ffe5bc;\n}\n.av-special-heading.av-av_heading-6a88ec783450a10e6e4bbeda305ebec3 .av-subheading{\nfont-size:15px;\n}\n<\/style>\n<div  class='av-special-heading av-av_heading-6a88ec783450a10e6e4bbeda305ebec3 av-special-heading-h1 custom-color-heading blockquote modern-quote  avia-builder-el-8  el_before_av_one_full  avia-builder-el-first '><h1 class='av-special-heading-tag '  itemprop=\"headline\"  >MAPA <\/h1><div class=\"special-heading-border\"><div class=\"special-heading-inner-border\"><\/div><\/div><\/div>\n\n<style type=\"text\/css\" data-created_by=\"avia_inline_auto\" id=\"style-css-av-av_one_full-6126cab7d8fab8d08143dd2dacdf673c\">\n.flex_column.av-av_one_full-6126cab7d8fab8d08143dd2dacdf673c{\nborder-radius:0px 0px 0px 0px;\npadding:0px 0px 0px 0px;\n}\n<\/style>\n<div  class='flex_column av-av_one_full-6126cab7d8fab8d08143dd2dacdf673c av_one_full  avia-builder-el-9  el_after_av_heading  avia-builder-el-last  first flex_column_div av-zero-column-padding  '     ><\/div>\n<\/p>\n","protected":false},"excerpt":{"rendered":"","protected":false},"author":1,"featured_media":0,"parent":0,"menu_order":0,"comment_status":"closed","ping_status":"closed","template":"","meta":{"footnotes":""},"class_list":["post-3787","page","type-page","status-publish","hentry"],"yoast_head":"<!-- This site is optimized with the Yoast SEO plugin v26.5 - https:\/\/yoast.com\/wordpress\/plugins\/seo\/ -->\n<title>Lokacija - Hotel Kastel u Splitu<\/title>\n<meta name=\"robots\" content=\"index, follow, max-snippet:-1, max-image-preview:large, max-video-preview:-1\" \/>\n<link rel=\"canonical\" href=\"https:\/\/www.kastelsplit.com\/hr\/split-hotel-kastel-lokacija-na-mapi-grada-splita\/\" \/>\n<meta property=\"og:locale\" content=\"hr_HR\" \/>\n<meta property=\"og:type\" content=\"article\" \/>\n<meta property=\"og:title\" content=\"Lokacija - Hotel Kastel u Splitu\" \/>\n<meta property=\"og:url\" content=\"https:\/\/www.kastelsplit.com\/hr\/split-hotel-kastel-lokacija-na-mapi-grada-splita\/\" \/>\n<meta property=\"og:site_name\" content=\"Hotel Kastel u Splitu\" \/>\n<meta property=\"article:modified_time\" content=\"2023-11-22T10:23:40+00:00\" \/>\n<meta name=\"twitter:card\" content=\"summary_large_image\" \/>\n<meta name=\"twitter:label1\" content=\"Est. reading time\" \/>\n\t<meta name=\"twitter:data1\" content=\"2 minutes\" \/>\n<script type=\"application\/ld+json\" class=\"yoast-schema-graph\">{\"@context\":\"https:\/\/schema.org\",\"@graph\":[{\"@type\":\"WebPage\",\"@id\":\"https:\/\/www.kastelsplit.com\/hr\/split-hotel-kastel-lokacija-na-mapi-grada-splita\/\",\"url\":\"https:\/\/www.kastelsplit.com\/hr\/split-hotel-kastel-lokacija-na-mapi-grada-splita\/\",\"name\":\"Lokacija - Hotel Kastel u Splitu\",\"isPartOf\":{\"@id\":\"https:\/\/www.kastelsplit.com\/hr\/#website\"},\"datePublished\":\"2017-06-14T14:46:59+00:00\",\"dateModified\":\"2023-11-22T10:23:40+00:00\",\"breadcrumb\":{\"@id\":\"https:\/\/www.kastelsplit.com\/hr\/split-hotel-kastel-lokacija-na-mapi-grada-splita\/#breadcrumb\"},\"inLanguage\":\"hr-HR\",\"potentialAction\":[{\"@type\":\"ReadAction\",\"target\":[\"https:\/\/www.kastelsplit.com\/hr\/split-hotel-kastel-lokacija-na-mapi-grada-splita\/\"]}]},{\"@type\":\"BreadcrumbList\",\"@id\":\"https:\/\/www.kastelsplit.com\/hr\/split-hotel-kastel-lokacija-na-mapi-grada-splita\/#breadcrumb\",\"itemListElement\":[{\"@type\":\"ListItem\",\"position\":1,\"name\":\"Home\",\"item\":\"https:\/\/www.kastelsplit.com\/hr\/\"},{\"@type\":\"ListItem\",\"position\":2,\"name\":\"Lokacija\"}]},{\"@type\":\"WebSite\",\"@id\":\"https:\/\/www.kastelsplit.com\/hr\/#website\",\"url\":\"https:\/\/www.kastelsplit.com\/hr\/\",\"name\":\"Hotel Kastel u Splitu\",\"description\":\"Kastel 1700  Hotel u Splitu\",\"potentialAction\":[{\"@type\":\"SearchAction\",\"target\":{\"@type\":\"EntryPoint\",\"urlTemplate\":\"https:\/\/www.kastelsplit.com\/hr\/?s={search_term_string}\"},\"query-input\":{\"@type\":\"PropertyValueSpecification\",\"valueRequired\":true,\"valueName\":\"search_term_string\"}}],\"inLanguage\":\"hr-HR\"}]}<\/script>\n<!-- \/ Yoast SEO plugin. -->","yoast_head_json":{"title":"Lokacija - Hotel Kastel u Splitu","robots":{"index":"index","follow":"follow","max-snippet":"max-snippet:-1","max-image-preview":"max-image-preview:large","max-video-preview":"max-video-preview:-1"},"canonical":"https:\/\/www.kastelsplit.com\/hr\/split-hotel-kastel-lokacija-na-mapi-grada-splita\/","og_locale":"hr_HR","og_type":"article","og_title":"Lokacija - Hotel Kastel u Splitu","og_url":"https:\/\/www.kastelsplit.com\/hr\/split-hotel-kastel-lokacija-na-mapi-grada-splita\/","og_site_name":"Hotel Kastel u Splitu","article_modified_time":"2023-11-22T10:23:40+00:00","twitter_card":"summary_large_image","twitter_misc":{"Est. reading time":"2 minutes"},"schema":{"@context":"https:\/\/schema.org","@graph":[{"@type":"WebPage","@id":"https:\/\/www.kastelsplit.com\/hr\/split-hotel-kastel-lokacija-na-mapi-grada-splita\/","url":"https:\/\/www.kastelsplit.com\/hr\/split-hotel-kastel-lokacija-na-mapi-grada-splita\/","name":"Lokacija - Hotel Kastel u Splitu","isPartOf":{"@id":"https:\/\/www.kastelsplit.com\/hr\/#website"},"datePublished":"2017-06-14T14:46:59+00:00","dateModified":"2023-11-22T10:23:40+00:00","breadcrumb":{"@id":"https:\/\/www.kastelsplit.com\/hr\/split-hotel-kastel-lokacija-na-mapi-grada-splita\/#breadcrumb"},"inLanguage":"hr-HR","potentialAction":[{"@type":"ReadAction","target":["https:\/\/www.kastelsplit.com\/hr\/split-hotel-kastel-lokacija-na-mapi-grada-splita\/"]}]},{"@type":"BreadcrumbList","@id":"https:\/\/www.kastelsplit.com\/hr\/split-hotel-kastel-lokacija-na-mapi-grada-splita\/#breadcrumb","itemListElement":[{"@type":"ListItem","position":1,"name":"Home","item":"https:\/\/www.kastelsplit.com\/hr\/"},{"@type":"ListItem","position":2,"name":"Lokacija"}]},{"@type":"WebSite","@id":"https:\/\/www.kastelsplit.com\/hr\/#website","url":"https:\/\/www.kastelsplit.com\/hr\/","name":"Hotel Kastel u Splitu","description":"Kastel 1700  Hotel u Splitu","potentialAction":[{"@type":"SearchAction","target":{"@type":"EntryPoint","urlTemplate":"https:\/\/www.kastelsplit.com\/hr\/?s={search_term_string}"},"query-input":{"@type":"PropertyValueSpecification","valueRequired":true,"valueName":"search_term_string"}}],"inLanguage":"hr-HR"}]}},"_links":{"self":[{"href":"https:\/\/www.kastelsplit.com\/hr\/wp-json\/wp\/v2\/pages\/3787","targetHints":{"allow":["GET"]}}],"collection":[{"href":"https:\/\/www.kastelsplit.com\/hr\/wp-json\/wp\/v2\/pages"}],"about":[{"href":"https:\/\/www.kastelsplit.com\/hr\/wp-json\/wp\/v2\/types\/page"}],"author":[{"embeddable":true,"href":"https:\/\/www.kastelsplit.com\/hr\/wp-json\/wp\/v2\/users\/1"}],"replies":[{"embeddable":true,"href":"https:\/\/www.kastelsplit.com\/hr\/wp-json\/wp\/v2\/comments?post=3787"}],"version-history":[{"count":5,"href":"https:\/\/www.kastelsplit.com\/hr\/wp-json\/wp\/v2\/pages\/3787\/revisions"}],"predecessor-version":[{"id":5147,"href":"https:\/\/www.kastelsplit.com\/hr\/wp-json\/wp\/v2\/pages\/3787\/revisions\/5147"}],"wp:attachment":[{"href":"https:\/\/www.kastelsplit.com\/hr\/wp-json\/wp\/v2\/media?parent=3787"}],"curies":[{"name":"wp","href":"https:\/\/api.w.org\/{rel}","templated":true}]}}